{"id":1134,"date":"2020-03-03T21:20:57","date_gmt":"2020-03-03T21:20:57","guid":{"rendered":"https:\/\/decoalonize-europe.net\/presse\/"},"modified":"2020-12-04T09:15:31","modified_gmt":"2020-12-04T09:15:31","slug":"presse","status":"publish","type":"page","link":"https:\/\/stillburning.net\/de\/presse\/","title":{"rendered":"Presse"},"content":{"rendered":"<p>[et_pb_section fb_built=&#8220;1&#8243; _builder_version=&#8220;3.24&#8243; background_color=&#8220;#e9e1d3&#8243;][et_pb_row _builder_version=&#8220;3.29.3&#8243;][et_pb_column type=&#8220;4_4&#8243; _builder_version=&#8220;3.25&#8243; custom_padding=&#8220;|||&#8220; custom_padding__hover=&#8220;|||&#8220;][et_pb_text _builder_version=&#8220;3.29.3&#8243; custom_padding=&#8220;||1px|||&#8220;]<\/p>\n<p><span style=\"font-size: 33px\"><strong><span style=\"color: #c4593e;font-family: Oswald, Helvetica, Arial, Lucida, sans-serif\">Presse<\/span><\/strong><\/span><\/p>\n<article class=\"post\">\n<div class=\"post__content richtext\">\n<p><span style=\"font-size: 20px\"><br \/>Gerne k\u00f6nnen Sie in den Tagen vor oder direkt vom Aktionsort aus \u00fcber unsere Aktion berichten. Gerne geben wir Interviews. Es ist auch m\u00f6glich, Aktivist*innen in die Aktion zu begleiten.<\/span><\/p>\n<p><strong> Pressekontakt: <span style=\"font-size: 20px\"><\/span><a href=\"mailto:info@decoalonize-europe.net\" style=\"font-size: 20px\">press[at]decoalonize-europe.net<\/a><\/strong><\/p>\n<p><strong><\/strong><\/p>\n<\/div>\n<\/article>\n<p>[\/et_pb_text][\/et_pb_column][\/et_pb_row][et_pb_row _builder_version=&#8220;3.29.3&#8243;][et_pb_column type=&#8220;4_4&#8243; _builder_version=&#8220;3.25&#8243; custom_padding=&#8220;|||&#8220; custom_padding__hover=&#8220;|||&#8220;][et_pb_text _builder_version=&#8220;3.29.3&#8243; custom_padding=&#8220;||1px|||&#8220;]<\/p>\n<h4><span style=\"color: #c4593e;font-family: Oswald, Helvetica, Arial, Lucida, sans-serif;font-size: 33px\">Pressemitteilungen<\/span><\/h4>\n<article class=\"post\">\n<div class=\"post__content richtext\">\n<p><strong><\/strong><\/p>\n<\/div>\n<\/article>\n<p>[\/et_pb_text][\/et_pb_column][\/et_pb_row][et_pb_row _builder_version=&#8220;4.3.4&#8243;][et_pb_column _builder_version=&#8220;4.3.4&#8243; type=&#8220;4_4&#8243;][et_pb_blog _builder_version=&#8220;4.3.4&#8243; include_categories=&#8220;37&#8243; show_author=&#8220;off&#8220; hover_enabled=&#8220;0&#8243;][\/et_pb_blog][\/et_pb_column][\/et_pb_row][\/et_pb_section]<\/p>\n","protected":false},"excerpt":{"rendered":"<p>Presse Gerne k\u00f6nnen Sie in den Tagen vor oder direkt vom Aktionsort aus \u00fcber unsere Aktion berichten. Gerne geben wir Interviews. Es ist auch m\u00f6glich, Aktivist*innen in die Aktion zu begleiten. Pressekontakt: press[at]decoalonize-europe.net Pressemitteilungen<\/p>\n","protected":false},"author":2,"featured_media":0,"parent":0,"menu_order":0,"comment_status":"closed","ping_status":"closed","template":"","meta":{"_et_pb_use_builder":"on","_et_pb_old_content":"","_et_gb_content_width":"","footnotes":""},"class_list":["post-1134","page","type-page","status-publish","hentry"],"_links":{"self":[{"href":"https:\/\/stillburning.net\/de\/wp-json\/wp\/v2\/pages\/1134","targetHints":{"allow":["GET"]}}],"collection":[{"href":"https:\/\/stillburning.net\/de\/wp-json\/wp\/v2\/pages"}],"about":[{"href":"https:\/\/stillburning.net\/de\/wp-json\/wp\/v2\/types\/page"}],"author":[{"embeddable":true,"href":"https:\/\/stillburning.net\/de\/wp-json\/wp\/v2\/users\/2"}],"replies":[{"embeddable":true,"href":"https:\/\/stillburning.net\/de\/wp-json\/wp\/v2\/comments?post=1134"}],"version-history":[{"count":12,"href":"https:\/\/stillburning.net\/de\/wp-json\/wp\/v2\/pages\/1134\/revisions"}],"predecessor-version":[{"id":1147,"href":"https:\/\/stillburning.net\/de\/wp-json\/wp\/v2\/pages\/1134\/revisions\/1147"}],"wp:attachment":[{"href":"https:\/\/stillburning.net\/de\/wp-json\/wp\/v2\/media?parent=1134"}],"curies":[{"name":"wp","href":"https:\/\/api.w.org\/{rel}","templated":true}]}}