{"id":334246,"date":"2021-04-04T09:21:21","date_gmt":"2021-04-04T07:21:21","guid":{"rendered":"https:\/\/stillburning.net\/kontakt-2\/"},"modified":"2021-04-04T09:23:10","modified_gmt":"2021-04-04T07:23:10","slug":"kontakt-2","status":"publish","type":"page","link":"https:\/\/stillburning.net\/de\/kontakt-2\/","title":{"rendered":"Kontakt"},"content":{"rendered":"<p>[et_pb_section fb_built=&#8220;1&#8243; custom_padding_last_edited=&#8220;on|tablet&#8220; admin_label=&#8220;\u00dcber das Projekt&#8220; module_id=&#8220;Projekt&#8220; module_class=&#8220;tina_wanna_content&#8220; _builder_version=&#8220;4.9.1&#8243; use_background_color_gradient=&#8220;on&#8220; background_color_gradient_start=&#8220;#ffffff&#8220; background_color_gradient_end=&#8220;#212121&#8243; background_color_gradient_start_position=&#8220;20%&#8220; background_color_gradient_end_position=&#8220;0%&#8220; custom_padding=&#8220;83px||||false|false&#8220; custom_padding_tablet=&#8220;40px||||false|false&#8220; custom_padding_phone=&#8220;63px||||false|false&#8220; background_last_edited=&#8220;on|phone&#8220; background_color_gradient_start_position_phone=&#8220;10%&#8220; collapsed=&#8220;off&#8220;][et_pb_row admin_label=&#8220;Willst du zufrieden sein &#8211; Tina &#8211; Row&#8220; _builder_version=&#8220;4.4.0&#8243; width=&#8220;90%&#8220;][et_pb_column type=&#8220;4_4&#8243; _builder_version=&#8220;4.4.0&#8243;][et_pb_blurb title=&#8220;Kontakt&#8220; image=&#8220;https:\/\/stillburning.net\/wp-content\/uploads\/2020\/11\/Screen-Shot-2020-05-11-at-16.30.09.jpg&#8220; content_max_width=&#8220;100%&#8220; admin_label=&#8220;Wanna Content &#8211; Tina &#8211; Blurb &#8211; 872x504px&#8220; _builder_version=&#8220;4.9.1&#8243; header_font=&#8220;Merriweather|800|||||||&#8220; header_text_color=&#8220;#E9E1D3&#8243; header_font_size=&#8220;100px&#8220; header_line_height=&#8220;110%&#8220; custom_margin_tablet=&#8220;&#8220; custom_margin_phone=&#8220;||-50px||false|false&#8220; custom_margin_last_edited=&#8220;on|phone&#8220; animation=&#8220;off&#8220; header_font_size_tablet=&#8220;50px&#8220; header_font_size_phone=&#8220;30px&#8220; header_font_size_last_edited=&#8220;on|phone&#8220; custom_css_blurb_image=&#8220;display: block;|| width: 74.5%;|| margin-left: auto;|| margin-right: 0;||margin-bottom: -58px;&#8220; custom_css_blurb_title=&#8220; font-weight: 400 !important;||margin-left: -9px;&#8220;][\/et_pb_blurb][\/et_pb_column][\/et_pb_row][et_pb_row use_custom_gutter=&#8220;on&#8220; gutter_width=&#8220;2&#8243; custom_padding_last_edited=&#8220;on|tablet&#8220; admin_label=&#8220;Willst du zufrieden sein &#8211; Tina &#8211; Row&#8220; _builder_version=&#8220;4.4.0&#8243; width=&#8220;90%&#8220; custom_padding=&#8220;140px||||false|false&#8220; custom_padding_tablet=&#8220;20px||||false|false&#8220; custom_padding_phone=&#8220;&#8220;][et_pb_column type=&#8220;4_4&#8243; _builder_version=&#8220;4.4.0&#8243;][et_pb_cta title=&#8220;E-Mail&#8220; button_text=&#8220;Klicken Sie hier&#8220; admin_label=&#8220;Wanna Content &#8211; Tina &#8211; Call To Action&#8220; _builder_version=&#8220;4.9.1&#8243; header_font=&#8220;Merriweather||||||||&#8220; header_text_color=&#8220;#ffffff&#8220; header_font_size=&#8220;66px&#8220; header_line_height=&#8220;120%&#8220; body_text_color=&#8220;#ffffff&#8220; body_line_height=&#8220;1.2em&#8220; use_background_color=&#8220;off&#8220; text_orientation=&#8220;left&#8220; custom_margin=&#8220;||138px||false|false&#8220; custom_margin_tablet=&#8220;||50px||false|false&#8220; custom_margin_phone=&#8220;&#8220; custom_margin_last_edited=&#8220;on|tablet&#8220; header_font_size_tablet=&#8220;48px&#8220; header_font_size_phone=&#8220;30px&#8220; header_font_size_last_edited=&#8220;on|phone&#8220; custom_css_main_element=&#8220;float: left;|| width: 100%;&#8220; custom_css_promo_description=&#8220;font-weight: 400 !important;&#8220; custom_css_promo_title=&#8220;font-weight: 400 !important;|| text-shadow: 1px 1px 0px #ffffff, -1px -1px 0 #fff, 1px -1px 0 #fff, -1px 1px 0 #fff;||width: 28.3%;|| float: left;|| padding-right: 10px;|| transition: 0.5s;&#8220;]<\/p>\n<p>M\u00f6chten Sie mehr \u00fcber die Entstehung der Filme erfahren? Ben\u00f6tigen Sie Tipps f\u00fcr die Organisation eines Filmabends? Schreiben Sie uns eine Mail!<\/p>\n<p>&nbsp;<\/p>\n<p>Info[at] stillburning.net<\/p>\n<p>[\/et_pb_cta][et_pb_cta title=&#8220;Presse&#8220; button_text=&#8220;Klicken Sie hier&#8220; admin_label=&#8220;Wanna Content &#8211; Tina &#8211; Call To Action&#8220; _builder_version=&#8220;4.9.1&#8243; header_font=&#8220;Merriweather||||||||&#8220; header_text_color=&#8220;#ffffff&#8220; header_font_size=&#8220;46px&#8220; header_line_height=&#8220;120%&#8220; body_text_color=&#8220;#ffffff&#8220; body_line_height=&#8220;1.2em&#8220; use_background_color=&#8220;off&#8220; text_orientation=&#8220;left&#8220; custom_padding=&#8220;||0px|||&#8220; header_font_size_tablet=&#8220;48px&#8220; header_font_size_phone=&#8220;30px&#8220; header_font_size_last_edited=&#8220;on|phone&#8220; custom_css_main_element=&#8220;float: left;|| width: 100%;&#8220; custom_css_promo_description=&#8220;font-weight: 400 !important;&#8220; custom_css_promo_title=&#8220;font-weight: 400 !important;|| text-shadow: 1px 1px 0px #ffffff, -1px -1px 0 #fff, 1px -1px 0 #fff, -1px 1px 0 #fff;||width: 28.3%;|| float: left;|| padding-right: 10px;|| transition: 0.5s;&#8220;]<\/p>\n<p>Sie k\u00f6nnen uns gerne schreiben, wenn Sie weitere Informationen oder Kontakte f\u00fcr einen Artikel \u00fcber die weltweiten Proteste gegen Steinkohle suchen. Das Produktionsteam arrangiert auch gerne Kontakte in den Bergbauregionen.<\/p>\n<p>[\/et_pb_cta][\/et_pb_column][\/et_pb_row][\/et_pb_section]<\/p>\n","protected":false},"excerpt":{"rendered":"<p>M\u00f6chten Sie mehr \u00fcber die Entstehung der Filme erfahren? Ben\u00f6tigen Sie Tipps f\u00fcr die Organisation eines Filmabends? Schreiben Sie uns eine Mail! &nbsp; Info[at] stillburning.netSie k\u00f6nnen uns gerne schreiben, wenn Sie weitere Informationen oder Kontakte f\u00fcr einen Artikel \u00fcber die weltweiten Proteste gegen Steinkohle suchen. Das Produktionsteam arrangiert auch gerne Kontakte in den Bergbauregionen.<\/p>\n","protected":false},"author":1,"featured_media":284,"parent":0,"menu_order":0,"comment_status":"closed","ping_status":"closed","template":"","meta":{"_et_pb_use_builder":"on","_et_pb_old_content":"","_et_gb_content_width":"","footnotes":""},"class_list":["post-334246","page","type-page","status-publish","has-post-thumbnail","hentry"],"_links":{"self":[{"href":"https:\/\/stillburning.net\/de\/wp-json\/wp\/v2\/pages\/334246","targetHints":{"allow":["GET"]}}],"collection":[{"href":"https:\/\/stillburning.net\/de\/wp-json\/wp\/v2\/pages"}],"about":[{"href":"https:\/\/stillburning.net\/de\/wp-json\/wp\/v2\/types\/page"}],"author":[{"embeddable":true,"href":"https:\/\/stillburning.net\/de\/wp-json\/wp\/v2\/users\/1"}],"replies":[{"embeddable":true,"href":"https:\/\/stillburning.net\/de\/wp-json\/wp\/v2\/comments?post=334246"}],"version-history":[{"count":15,"href":"https:\/\/stillburning.net\/de\/wp-json\/wp\/v2\/pages\/334246\/revisions"}],"predecessor-version":[{"id":334269,"href":"https:\/\/stillburning.net\/de\/wp-json\/wp\/v2\/pages\/334246\/revisions\/334269"}],"wp:featuredmedia":[{"embeddable":true,"href":"https:\/\/stillburning.net\/de\/wp-json\/wp\/v2\/media\/284"}],"wp:attachment":[{"href":"https:\/\/stillburning.net\/de\/wp-json\/wp\/v2\/media?parent=334246"}],"curies":[{"name":"wp","href":"https:\/\/api.w.org\/{rel}","templated":true}]}}