{"id":271516,"date":"2020-12-04T10:44:48","date_gmt":"2020-12-04T10:44:48","guid":{"rendered":"https:\/\/stillburning.net\/comienzo\/"},"modified":"2021-08-30T10:27:31","modified_gmt":"2021-08-30T08:27:31","slug":"comienzo","status":"publish","type":"page","link":"https:\/\/stillburning.net\/es\/","title":{"rendered":"comienzo"},"content":{"rendered":"<p>[et_pb_section fb_built=\u00bb1&#8243; custom_padding_last_edited=\u00bbon|tablet\u00bb admin_label=\u00bbBuy Into Blurbs &#8211; Tina\u00bb module_class=\u00bbtina_buy_into_blurbs\u00bb _builder_version=\u00bb4.9.2&#8243; background_color=\u00bb#ffffff\u00bb custom_padding=\u00bb221px||107px||false|false\u00bb custom_padding_tablet=\u00bb||40px||false|false\u00bb custom_padding_phone=\u00bb\u00bb global_colors_info=\u00bb{}\u00bb][et_pb_row disabled_on=\u00bboff|off|off\u00bb _builder_version=\u00bb4.9.2&#8243; _module_preset=\u00bbdefault\u00bb custom_padding=\u00bb20px||||false|false\u00bb global_colors_info=\u00bb{}\u00bb][et_pb_column type=\u00bb4_4&#8243; _builder_version=\u00bb4.6.6&#8243; _module_preset=\u00bbdefault\u00bb global_colors_info=\u00bb{}\u00bb][et_pb_image src=\u00bbhttps:\/\/stillburning.net\/wp-content\/uploads\/2021\/03\/SB_Logo_21_BL@4x.png\u00bb title_text=\u00bbSB_Logo_21_BL@4x\u00bb align=\u00bbcenter\u00bb _builder_version=\u00bb4.9.2&#8243; _module_preset=\u00bbdefault\u00bb width=\u00bb52.9%\u00bb width_tablet=\u00bb92.9%\u00bb width_phone=\u00bb100%\u00bb width_last_edited=\u00bbon|desktop\u00bb custom_margin=\u00bb||6px|||\u00bb global_colors_info=\u00bb{}\u00bb][\/et_pb_image][et_pb_text _builder_version=\u00bb4.9.2&#8243; _module_preset=\u00bbdefault\u00bb text_text_color=\u00bb#212121&#8243; header_text_color=\u00bb#212121&#8243; text_orientation=\u00bbcenter\u00bb background_layout=\u00bbdark\u00bb global_colors_info=\u00bb{}\u00bb]<\/p>\n<p>es una red que lucha contra la industria mundial del carb\u00f3n duro<\/p>\n<p>[\/et_pb_text][\/et_pb_column][\/et_pb_row][et_pb_row column_structure=\u00bb2_5,3_5&#8243; custom_padding_last_edited=\u00bbon|phone\u00bb disabled_on=\u00bbon|on|off\u00bb admin_label=\u00bbErik Content &#8211; Ragnar &#8211; Row\u00bb _builder_version=\u00bb4.9.2&#8243; _module_preset=\u00bbdefault\u00bb width=\u00bb90%\u00bb max_width=\u00bb1170px\u00bb custom_padding=\u00bb15em||15em||true|false\u00bb custom_padding_tablet=\u00bb\u00bb custom_padding_phone=\u00bb10em||10em||true|false\u00bb global_colors_info=\u00bb{}\u00bb][et_pb_column type=\u00bb2_5&#8243; _builder_version=\u00bb4.6.2&#8243; _module_preset=\u00bbdefault\u00bb custom_padding=\u00bb41px||||false|false\u00bb custom_padding_tablet=\u00bb0px||||false|false\u00bb custom_padding_phone=\u00bb\u00bb custom_padding_last_edited=\u00bbon|tablet\u00bb custom_css_main_element=\u00bbwidth: 42.5% !important;||z-index: 20;||    margin-right: 5.5% !important;\u00bb global_colors_info=\u00bb{}\u00bb][et_pb_blurb title=\u00bbNuestro nuevo libro\u00bb url=\u00bbhttps:\/\/stillburning.net\/book\/\u00bb content_max_width=\u00bb100%\u00bb admin_label=\u00bbErik Content &#8211; Ragnar &#8211; Blurb &#8211; Make the Most of Now\u00bb _builder_version=\u00bb4.9.2&#8243; _module_preset=\u00bbdefault\u00bb header_text_color=\u00bb#000000&#8243; header_font_size=\u00bb65px\u00bb header_line_height=\u00bb120%\u00bb body_text_color=\u00bb#707070&#8243; body_font_size=\u00bb18px\u00bb body_line_height=\u00bb179%\u00bb custom_margin=\u00bb||73px||false|false\u00bb custom_margin_tablet=\u00bb||30px||false|false\u00bb custom_margin_phone=\u00bb\u00bb custom_margin_last_edited=\u00bbon|tablet\u00bb link_option_url=\u00bbhttps:\/\/stillburning.net\/book\/\u00bb header_font_size_tablet=\u00bb40px\u00bb header_font_size_phone=\u00bb26px\u00bb header_font_size_last_edited=\u00bbon|phone\u00bb body_font_size_tablet=\u00bb16px\u00bb body_font_size_phone=\u00bb\u00bb body_font_size_last_edited=\u00bbon|tablet\u00bb custom_css_blurb_title=\u00bb    width: 150%;||    padding-bottom: 14px;\u00bb custom_css_blurb_content=\u00bbfont-weight: 400 !important;\u00bb global_colors_info=\u00bb{}\u00bb][\/et_pb_blurb][et_pb_cta title=\u00bbLeer y ordenar\u00bb button_text=\u00bbHaga clic aqu\u00ed\u00bb disabled_on=\u00bboff|off|off\u00bb admin_label=\u00bbErik Content &#8211; Ragnar &#8211; Call To Action &#8211; History\u00bb _builder_version=\u00bb4.9.2&#8243; _module_preset=\u00bbdefault\u00bb header_font=\u00bbBarlow|500|on||||||\u00bb header_text_color=\u00bb#000000&#8243; header_font_size=\u00bb19px\u00bb header_line_height=\u00bb120%\u00bb body_font=\u00bbBarlow||||||||\u00bb body_text_color=\u00bb#989b9f\u00bb body_font_size=\u00bb16px\u00bb body_line_height=\u00bb150%\u00bb use_background_color=\u00bboff\u00bb text_orientation=\u00bbleft\u00bb width=\u00bb41%\u00bb width_tablet=\u00bb47%\u00bb width_phone=\u00bb\u00bb width_last_edited=\u00bbon|tablet\u00bb custom_margin=\u00bb|17%|||false|false\u00bb custom_margin_tablet=\u00bb|6%|||false|false\u00bb custom_margin_phone=\u00bb\u00bb custom_margin_last_edited=\u00bbon|tablet\u00bb link_option_url=\u00bbhttps:\/\/stillburning.net\/book\/\u00bb custom_css_main_element=\u00bb    float: left;\u00bb custom_css_promo_description=\u00bbfont-weight: 400;||padding-bottom: 0;\u00bb custom_css_promo_title=\u00bbpadding-bottom: 18px;\u00bb global_colors_info=\u00bb{}\u00bb]<\/p>\n<p>Haga clic aqu\u00ed para descargar o pedir una edici\u00f3n limitada del libro.<\/p>\n<p>[\/et_pb_cta][\/et_pb_column][et_pb_column type=\u00bb3_5&#8243; _builder_version=\u00bb4.6.2&#8243; _module_preset=\u00bbdefault\u00bb custom_css_main_element=\u00bb    width: 52% !important;\u00bb global_colors_info=\u00bb{}\u00bb][et_pb_image src=\u00bbhttps:\/\/stillburning.net\/wp-content\/uploads\/2021\/03\/Still-Burning-Mockup-1-2.png\u00bb title_text=\u00bbStill Burning Mockup 1 2&#8243; url=\u00bbhttps:\/\/stillburning.net\/book\/\u00bb admin_label=\u00bbErik Content &#8211; Ragnar &#8211; Image size: 680 x 490px\u00bb _builder_version=\u00bb4.9.2&#8243; _module_preset=\u00bbdefault\u00bb global_colors_info=\u00bb{}\u00bb][\/et_pb_image][\/et_pb_column][\/et_pb_row][et_pb_row column_structure=\u00bb1_2,1_2&#8243; use_custom_gutter=\u00bbon\u00bb gutter_width=\u00bb1&#8243; admin_label=\u00bbCompre en Blurbs &#8211; Tina &#8211; Row\u00bb _builder_version=\u00bb4.3.1&#8243; width=\u00bb90%\u00bb global_colors_info=\u00bb{}\u00bb][et_pb_column type=\u00bb1_2&#8243; _builder_version=\u00bb4.2.2&#8243; global_colors_info=\u00bb{}\u00bb][et_pb_blurb title=\u00bbLos libros\u00bb url=\u00bbhttps:\/\/stillburning.net\/book\/\u00bb content_max_width=\u00bb330px\u00bb content_max_width_tablet=\u00bb320px\u00bb content_max_width_phone=\u00bb\u00bb content_max_width_last_edited=\u00bbon|tablet\u00bb admin_label=\u00bbBuy Into Blurbs &#8211; Tina &#8211; Blurb image 540x633px\u00bb _builder_version=\u00bb4.9.2&#8243; header_text_color=\u00bb#ffffff\u00bb header_font_size=\u00bb16px\u00bb header_line_height=\u00bb120%\u00bb body_text_color=\u00bb#ffffff\u00bb body_font_size=\u00bb36px\u00bb body_letter_spacing=\u00bb-0.6px\u00bb body_line_height=\u00bb123%\u00bb background_image=\u00bbhttps:\/\/stillburning.net\/wp-content\/uploads\/2021\/03\/Still-Burning-Mockup-2-2.png\u00bb custom_padding=\u00bb78px|78px|438px|78px|false|true\u00bb custom_padding_tablet=\u00bb||298px||false|true\u00bb custom_padding_phone=\u00bb50px||200px||false|true\u00bb custom_padding_last_edited=\u00bbon|phone\u00bb link_option_url=\u00bbhttps:\/\/stillburning.net\/book\/\u00bb body_font_size_tablet=\u00bb30px\u00bb body_font_size_phone=\u00bb24px\u00bb body_font_size_last_edited=\u00bbon|phone\u00bb custom_css_before=\u00bbcontent: %22%22;||display: block;||background-color: #dec79b;||width: 100%;||height: 100%;||position: absolute;||top: 0;||left: 0;||transition: 0.3s;||    transform-origin: left center;||transform: scaleX(1);\u00bb custom_css_after=\u00bbcontent: %22%22;||display: block;||width: 100%;||height: 100%;||position: absolute;||top: 0;||left: 0;||transition: 0.3s;||background-color: #1e1e26;||opacity: 0.5;||    transform-origin: right center;||transform: scaleX(0);||    z-index: 1;\u00bb custom_css_blurb_title=\u00bbletter-spacing: 0.2px !important;||    padding-left: 39px;||    position: relative;|| transition: 0.3s;||    font-weight: 400;\u00bb custom_css_blurb_content=\u00bb    margin-left: 0;||    z-index: 5;\u00bb global_colors_info=\u00bb{}\u00bb custom_css_before__hover_enabled=\u00bboff|hover\u00bb]<\/p>\n<p>Examen de la industria de la hulla<\/p>\n<p>[\/et_pb_blurb][et_pb_button button_url=\u00bbhttps:\/\/stillburning.net\/book\/\u00bb button_text=\u00bbExplora m\u00e1s\u00bb admin_label=\u00bbBuy Into Blurbs &#8211; Tina &#8211; Button\u00bb _builder_version=\u00bb4.6.6&#8243; custom_button=\u00bbon\u00bb button_text_size=\u00bb16px\u00bb button_text_color=\u00bb#ffffff\u00bb button_bg_color=\u00bbrgba(0,0,0,0)\u00bb button_border_width=\u00bb0px\u00bb button_letter_spacing=\u00bb0.5px\u00bb button_font=\u00bbRoboto|700|||||||\u00bb button_on_hover=\u00bboff\u00bb positioning=\u00bbabsolute\u00bb position_origin_a=\u00bbbottom_left\u00bb vertical_offset=\u00bb50px\u00bb horizontal_offset=\u00bb79px\u00bb z_index=\u00bb5&#8243; custom_padding=\u00bb0px|0px|10px|0px|false|false\u00bb global_colors_info=\u00bb{}\u00bb][\/et_pb_button][et_pb_button button_url=\u00bbhttps:\/\/stillburning.net\/book\/\u00bb button_text=\u00bbExplora m\u00e1s\u00bb admin_label=\u00bbBuy Into Blurbs &#8211; Tina &#8211; Button\u00bb _builder_version=\u00bb4.6.6&#8243; custom_button=\u00bbon\u00bb button_text_size=\u00bb16px\u00bb button_text_color=\u00bb#ffffff\u00bb button_bg_color=\u00bbrgba(0,0,0,0)\u00bb button_border_width=\u00bb0px\u00bb button_letter_spacing=\u00bb0.5px\u00bb button_font=\u00bbRoboto|700|||||||\u00bb button_on_hover=\u00bboff\u00bb positioning=\u00bbabsolute\u00bb position_origin_a=\u00bbbottom_left\u00bb vertical_offset=\u00bb50px\u00bb horizontal_offset=\u00bb79px\u00bb z_index=\u00bb5&#8243; custom_padding=\u00bb0px|0px|10px|0px|false|false\u00bb global_colors_info=\u00bb{}\u00bb][\/et_pb_button][\/et_pb_column][et_pb_column type=\u00bb1_2&#8243; _builder_version=\u00bb4.2.2&#8243; global_colors_info=\u00bb{}\u00bb][et_pb_blurb title=\u00bbLas pel\u00edculas\u00bb url=\u00bbhttps:\/\/stillburning.net\/es\/ardiendo-serie-web-esp\/\u00bb content_max_width=\u00bb330px\u00bb content_max_width_tablet=\u00bb320px\u00bb content_max_width_phone=\u00bb\u00bb content_max_width_last_edited=\u00bbon|tablet\u00bb admin_label=\u00bbBuy Into Blurbs &#8211; Tina &#8211; Blurb image 540x633px\u00bb _builder_version=\u00bb4.9.2&#8243; header_text_color=\u00bb#18181e\u00bb header_font_size=\u00bb16px\u00bb header_line_height=\u00bb120%\u00bb body_text_color=\u00bb#18181e\u00bb body_font_size=\u00bb36px\u00bb body_letter_spacing=\u00bb-0.6px\u00bb body_line_height=\u00bb123%\u00bb background_image=\u00bbhttps:\/\/stillburning.net\/wp-content\/uploads\/2020\/11\/Screen-Shot-2020-05-11-at-17.05.05.jpg\u00bb text_orientation=\u00bbright\u00bb custom_padding=\u00bb78px|78px|438px|78px|false|true\u00bb custom_padding_tablet=\u00bb||298px||false|true\u00bb custom_padding_phone=\u00bb50px||200px||false|true\u00bb custom_padding_last_edited=\u00bbon|phone\u00bb link_option_url=\u00bbhttps:\/\/stillburning.net\/es\/ardiendo-serie-web-esp\/\u00bb body_font_size_tablet=\u00bb30px\u00bb body_font_size_phone=\u00bb24px\u00bb body_font_size_last_edited=\u00bbon|phone\u00bb custom_css_after=\u00bbcontent: %22%22;||display: block;||width: 100%;||height: 100%;||position: absolute;||top: 0;||left: 0;||transition: 0.3s;||background-color: #dec79b;||opacity: 0.5;||    transform-origin: left center;||transform: scaleX(0);||    z-index: 1;\u00bb custom_css_blurb_title=\u00bbletter-spacing: 0.2px !important;||    padding-right: 39px;||    position: relative;|| transition: 0.3s;||    font-weight: 400;\u00bb custom_css_blurb_content=\u00bb    margin-right: 0;||    z-index: 5;\u00bb locked=\u00bboff\u00bb global_colors_info=\u00bb{}\u00bb custom_css_before__hover_enabled=\u00bboff|hover\u00bb]<\/p>\n<p>Una serie documental en tres partes <\/p>\n<p>[\/et_pb_blurb][et_pb_button button_url=\u00bbhttps:\/\/stillburning.net\/book\/\u00bb button_text=\u00bbExplora m\u00e1s\u00bb disabled_on=\u00bbon|on|on\u00bb admin_label=\u00bbBuy Into Blurbs &#8211; Tina &#8211; Button\u00bb _builder_version=\u00bb4.6.6&#8243; custom_button=\u00bbon\u00bb button_text_size=\u00bb16px\u00bb button_text_color=\u00bb#ffffff\u00bb button_bg_color=\u00bbrgba(0,0,0,0)\u00bb button_border_width=\u00bb0px\u00bb button_letter_spacing=\u00bb0.5px\u00bb button_font=\u00bbRoboto|700|||||||\u00bb button_on_hover=\u00bboff\u00bb positioning=\u00bbabsolute\u00bb position_origin_a=\u00bbbottom_left\u00bb vertical_offset=\u00bb50px\u00bb horizontal_offset=\u00bb79px\u00bb z_index=\u00bb5&#8243; custom_padding=\u00bb0px|0px|10px|0px|false|false\u00bb disabled=\u00bbon\u00bb global_colors_info=\u00bb{}\u00bb][\/et_pb_button][et_pb_button button_url=\u00bbhttps:\/\/stillburning.net\/es\/ardiendo-serie-web-esp\/\u00bb button_text=\u00bbExplora m\u00e1s\u00bb disabled_on=\u00bboff|off|off\u00bb admin_label=\u00bbBuy Into Blurbs &#8211; Tina &#8211; Button\u00bb _builder_version=\u00bb4.9.2&#8243; custom_button=\u00bbon\u00bb button_text_size=\u00bb16px\u00bb button_text_color=\u00bb#18181e\u00bb button_bg_color=\u00bbrgba(0,0,0,0)\u00bb button_border_width=\u00bb0px\u00bb button_letter_spacing=\u00bb0.5px\u00bb button_font=\u00bbRoboto|700|||||||\u00bb button_on_hover=\u00bboff\u00bb positioning=\u00bbabsolute\u00bb position_origin_a=\u00bbbottom_right\u00bb vertical_offset=\u00bb50px\u00bb horizontal_offset=\u00bb79px\u00bb z_index=\u00bb5&#8243; custom_padding=\u00bb0px|0px|10px|0px|false|false\u00bb locked=\u00bboff\u00bb global_colors_info=\u00bb{}\u00bb][\/et_pb_button][\/et_pb_column][\/et_pb_row][\/et_pb_section]<\/p>\n","protected":false},"excerpt":{"rendered":"<p>es una red que lucha contra la industria mundial del carb\u00f3n duroHaga clic aqu\u00ed para descargar o pedir una edici\u00f3n limitada del libro.Examen de la industria de la hullaUna serie documental en tres partes<\/p>\n","protected":false},"author":1,"featured_media":1256,"parent":0,"menu_order":0,"comment_status":"closed","ping_status":"closed","template":"","meta":{"_et_pb_use_builder":"on","_et_pb_old_content":"","_et_gb_content_width":"","footnotes":""},"class_list":["post-271516","page","type-page","status-publish","has-post-thumbnail","hentry"],"_links":{"self":[{"href":"https:\/\/stillburning.net\/es\/wp-json\/wp\/v2\/pages\/271516","targetHints":{"allow":["GET"]}}],"collection":[{"href":"https:\/\/stillburning.net\/es\/wp-json\/wp\/v2\/pages"}],"about":[{"href":"https:\/\/stillburning.net\/es\/wp-json\/wp\/v2\/types\/page"}],"author":[{"embeddable":true,"href":"https:\/\/stillburning.net\/es\/wp-json\/wp\/v2\/users\/1"}],"replies":[{"embeddable":true,"href":"https:\/\/stillburning.net\/es\/wp-json\/wp\/v2\/comments?post=271516"}],"version-history":[{"count":25,"href":"https:\/\/stillburning.net\/es\/wp-json\/wp\/v2\/pages\/271516\/revisions"}],"predecessor-version":[{"id":334396,"href":"https:\/\/stillburning.net\/es\/wp-json\/wp\/v2\/pages\/271516\/revisions\/334396"}],"wp:featuredmedia":[{"embeddable":true,"href":"https:\/\/stillburning.net\/es\/wp-json\/wp\/v2\/media\/1256"}],"wp:attachment":[{"href":"https:\/\/stillburning.net\/es\/wp-json\/wp\/v2\/media?parent=271516"}],"curies":[{"name":"wp","href":"https:\/\/api.w.org\/{rel}","templated":true}]}}