{"id":334257,"date":"2021-04-04T09:21:50","date_gmt":"2021-04-04T07:21:50","guid":{"rendered":"https:\/\/stillburning.net\/contacto\/"},"modified":"2021-04-04T09:23:26","modified_gmt":"2021-04-04T07:23:26","slug":"contacto","status":"publish","type":"page","link":"https:\/\/stillburning.net\/es\/contacto\/","title":{"rendered":"Contacto"},"content":{"rendered":"<p>[et_pb_section fb_built=\u00bb1&#8243; custom_padding_last_edited=\u00bbon|tablet\u00bb admin_label=\u00bb\u00dcber das Projekt\u00bb module_id=\u00bbproyecto\u00bb module_class=\u00bbtina_wanna_content\u00bb _builder_version=\u00bb4.9.1&#8243; use_background_color_gradient=\u00bbon\u00bb background_color_gradient_start=\u00bb#ffffff\u00bb background_color_gradient_end=\u00bb#212121&#8243; background_color_gradient_start_position=\u00bb20%\u00bb background_color_gradient_end_position=\u00bb0%\u00bb custom_padding=\u00bb83px||||false|false\u00bb custom_padding_tablet=\u00bb40px||||false|false\u00bb custom_padding_phone=\u00bb63px||||false|false\u00bb background_last_edited=\u00bbon|phone\u00bb background_color_gradient_start_position_phone=\u00bb10%\u00bb collapsed=\u00bboff\u00bb][et_pb_row admin_label=\u00bbQuiero contenido &#8211; Tina &#8211; Row\u00bb _builder_version=\u00bb4.4.0&#8243; width=\u00bb90%\u00bb][et_pb_column type=\u00bb4_4&#8243; _builder_version=\u00bb4.4.0&#8243;][et_pb_blurb title=\u00bbContacto\u00bb image=\u00bbhttps:\/\/stillburning.net\/wp-content\/uploads\/2020\/11\/Screen-Shot-2020-05-11-at-16.30.09.jpg\u00bb content_max_width=\u00bb100%\u00bb admin_label=\u00bbWanna Content &#8211; Tina &#8211; Blurb &#8211; 872x504px\u00bb _builder_version=\u00bb4.9.1&#8243; header_font=\u00bbMerriweather|800|||||||\u00bb header_text_color=\u00bb#E9E1D3&#8243; header_font_size=\u00bb100px\u00bb header_line_height=\u00bb110%\u00bb custom_margin_tablet=\u00bb\u00bb custom_margin_phone=\u00bb||-50px||false|false\u00bb custom_margin_last_edited=\u00bbon|phone\u00bb animation=\u00bboff\u00bb header_font_size_tablet=\u00bb50px\u00bb header_font_size_phone=\u00bb30px\u00bb header_font_size_last_edited=\u00bbon|phone\u00bb custom_css_blurb_image=\u00bbdisplay: block;|| width: 74.5%;|| margin-left: auto;|| margin-right: 0;||margin-bottom: -58px;\u00bb custom_css_blurb_title=\u00bb font-weight: 400 !important;||margin-left: -9px;\u00bb][\/et_pb_blurb][\/et_pb_column][\/et_pb_row][et_pb_row use_custom_gutter=\u00bbon\u00bb gutter_width=\u00bb2&#8243; custom_padding_last_edited=\u00bbon|tablet\u00bb admin_label=\u00bbQuiero contenido &#8211; Tina &#8211; Row\u00bb _builder_version=\u00bb4.4.0&#8243; width=\u00bb90%\u00bb custom_padding=\u00bb140px||||false|false\u00bb custom_padding_tablet=\u00bb20px||||false|false\u00bb custom_padding_phone=\u00bb\u00bb][et_pb_column type=\u00bb4_4&#8243; _builder_version=\u00bb4.4.0&#8243;][et_pb_cta title=\u00bbEmail\u00bb button_text=\u00bbHaga clic aqu\u00ed\u00bb admin_label=\u00bbWanna Content &#8211; Tina &#8211; Call To Action\u00bb _builder_version=\u00bb4.9.1&#8243; header_font=\u00bbMerriweather||||||||\u00bb header_text_color=\u00bb#ffffff\u00bb header_font_size=\u00bb66px\u00bb header_line_height=\u00bb120%\u00bb body_text_color=\u00bb#ffffff\u00bb body_line_height=\u00bb1.2em\u00bb use_background_color=\u00bboff\u00bb text_orientation=\u00bbleft\u00bb custom_margin=\u00bb||138px||false|false\u00bb custom_margin_tablet=\u00bb||50px||false|false\u00bb custom_margin_phone=\u00bb\u00bb custom_margin_last_edited=\u00bbon|tablet\u00bb header_font_size_tablet=\u00bb48px\u00bb header_font_size_phone=\u00bb30px\u00bb header_font_size_last_edited=\u00bbon|phone\u00bb custom_css_main_element=\u00bbfloat: left;|| width: 100%;\u00bb custom_css_promo_description=\u00bbfont-weight: 400 !important;\u00bb custom_css_promo_title=\u00bbfont-weight: 400 !important;|| text-shadow: 1px 1px 0px #ffffff, -1px -1px 0 #fff, 1px -1px 0 #fff, -1px 1px 0 #fff;||width: 28.3%;|| float: left;|| padding-right: 10px;|| transition: 0.5s;\u00bb]<\/p>\n<p>\u00bfLe gustar\u00eda aprender m\u00e1s sobre la realizaci\u00f3n de las pel\u00edculas? \u00bfNecesitas consejos para organizar una noche de cine? \u00a1Escr\u00edbanos un correo!<\/p>\n<p>&nbsp;<\/p>\n<p>info[at] stillburning.net<\/p>\n<p>[\/et_pb_cta][et_pb_cta title=\u00bbPrensa\u00bb button_text=\u00bbHaga clic aqu\u00ed\u00bb admin_label=\u00bbWanna Content &#8211; Tina &#8211; Call To Action\u00bb _builder_version=\u00bb4.9.1&#8243; header_font=\u00bbMerriweather||||||||\u00bb header_text_color=\u00bb#ffffff\u00bb header_font_size=\u00bb46px\u00bb header_line_height=\u00bb120%\u00bb body_text_color=\u00bb#ffffff\u00bb body_line_height=\u00bb1.2em\u00bb use_background_color=\u00bboff\u00bb text_orientation=\u00bbleft\u00bb custom_padding=\u00bb||0px|||\u00bb header_font_size_tablet=\u00bb48px\u00bb header_font_size_phone=\u00bb30px\u00bb header_font_size_last_edited=\u00bbon|phone\u00bb custom_css_main_element=\u00bbfloat: left;|| width: 100%;\u00bb custom_css_promo_description=\u00bbfont-weight: 400 !important;\u00bb custom_css_promo_title=\u00bbfont-weight: 400 !important;|| text-shadow: 1px 1px 0px #ffffff, -1px -1px 0 #fff, 1px -1px 0 #fff, -1px 1px 0 #fff;||width: 28.3%;|| float: left;|| padding-right: 10px;|| transition: 0.5s;\u00bb]<\/p>\n<p>No dude en escribirnos si est\u00e1 buscando m\u00e1s informaci\u00f3n o contactos para un art\u00edculo sobre las protestas mundiales contra la hulla. El equipo de producci\u00f3n tambi\u00e9n se complace en establecer contactos en las regiones mineras.<\/p>\n<p>[\/et_pb_cta][\/et_pb_column][\/et_pb_row][\/et_pb_section]<\/p>\n","protected":false},"excerpt":{"rendered":"<p>\u00bfLe gustar\u00eda aprender m\u00e1s sobre la realizaci\u00f3n de las pel\u00edculas? \u00bfNecesitas consejos para organizar una noche de cine? \u00a1Escr\u00edbanos un correo! &nbsp; info[at] stillburning.netNo dude en escribirnos si est\u00e1 buscando m\u00e1s informaci\u00f3n o contactos para un art\u00edculo sobre las protestas mundiales contra la hulla. El equipo de producci\u00f3n tambi\u00e9n se complace en establecer contactos en [&hellip;]<\/p>\n","protected":false},"author":1,"featured_media":726,"parent":0,"menu_order":0,"comment_status":"closed","ping_status":"closed","template":"","meta":{"_et_pb_use_builder":"on","_et_pb_old_content":"","_et_gb_content_width":"","footnotes":""},"class_list":["post-334257","page","type-page","status-publish","has-post-thumbnail","hentry"],"_links":{"self":[{"href":"https:\/\/stillburning.net\/es\/wp-json\/wp\/v2\/pages\/334257","targetHints":{"allow":["GET"]}}],"collection":[{"href":"https:\/\/stillburning.net\/es\/wp-json\/wp\/v2\/pages"}],"about":[{"href":"https:\/\/stillburning.net\/es\/wp-json\/wp\/v2\/types\/page"}],"author":[{"embeddable":true,"href":"https:\/\/stillburning.net\/es\/wp-json\/wp\/v2\/users\/1"}],"replies":[{"embeddable":true,"href":"https:\/\/stillburning.net\/es\/wp-json\/wp\/v2\/comments?post=334257"}],"version-history":[{"count":11,"href":"https:\/\/stillburning.net\/es\/wp-json\/wp\/v2\/pages\/334257\/revisions"}],"predecessor-version":[{"id":334275,"href":"https:\/\/stillburning.net\/es\/wp-json\/wp\/v2\/pages\/334257\/revisions\/334275"}],"wp:featuredmedia":[{"embeddable":true,"href":"https:\/\/stillburning.net\/es\/wp-json\/wp\/v2\/media\/726"}],"wp:attachment":[{"href":"https:\/\/stillburning.net\/es\/wp-json\/wp\/v2\/media?parent=334257"}],"curies":[{"name":"wp","href":"https:\/\/api.w.org\/{rel}","templated":true}]}}